{"id":10662,"date":"2024-02-07T10:05:37","date_gmt":"2024-02-07T10:05:37","guid":{"rendered":"https:\/\/www.rafanadalacademy.com\/sponsoren\/"},"modified":"2024-04-30T15:03:35","modified_gmt":"2024-04-30T15:03:35","slug":"sponsoren","status":"publish","type":"page","link":"https:\/\/www.rafanadalacademy.com\/de\/sponsoren\/","title":{"rendered":"Sponsoren"},"content":{"rendered":"\n<section class=\"py-10 lg:py-20 \">\n\t<div class=\"max-w-[73.25rem] mx-auto px-4 flex flex-col 1\">\n\t\t<div>\n\t\t\t\t\t\t\t<span class=\"text-tertiary text-sm leading-[1.25rem] mb-4 uppercase bg-white\/20 rounded-[0.125rem] inline-block\">\n\t\t\t\t\t\u00dcber uns\t\t\t\t<\/span>\n\t\t\t\t\t\t\t\t\t\t<h1 class=\"text-tertiary text-[3rem] leading-[3.75rem] lg:text-[4rem] lg:leading-[5rem] font-bold mb-4\">\n\t\t\t\t\tSponsoren\t\t\t\t<\/h1>\n\t\t\t\t\t\t\t\t\t\t<p class=\"text-tertiary text-lg leading-8 max-w-[42.0625rem]\">\n\t\t\t\t\tLorem ipsum dolor sit amet consectetur. Fusce velit arcu justo viverra mauris risus aliquet diam tortor. Rutrum aliquam a et vitae in. Diam sit vitae semper sed donec in. Elementum tempor ultricies tellus enim donec. Lorem condimentum fusce eget porta tortor velit nullam at egestas.\t\t\t\t<\/p>\n\t\t\t\t\t<\/div>\n\t<\/div>\n\n<\/section>\n\n<h3 class=\"wp-block-heading\">Hauptsponsor<\/h3>\n\n<div class=\"wp-block-columns is-layout-flex wp-container-core-columns-is-layout-9d6595d7 wp-block-columns-is-layout-flex\">\n<div class=\"wp-block-column is-layout-flow wp-block-column-is-layout-flow\">\n<figure class=\"wp-block-image size-full is-resized\"><img loading=\"lazy\" decoding=\"async\" width=\"541\" height=\"91\" src=\"https:\/\/dxr52e0jfi242.cloudfront.net\/uploads\/2023\/12\/logo-footer.png\" alt=\"Rafa Nadal Logo\" class=\"wp-image-235\" style=\"width:258px;height:auto\" srcset=\"https:\/\/www.rafanadalacademy.com\/wp-content\/uploads\/2023\/12\/logo-footer.png 541w, https:\/\/www.rafanadalacademy.com\/wp-content\/uploads\/2023\/12\/logo-footer-300x50.png 300w\" sizes=\"auto, (max-width: 541px) 100vw, 541px\" \/><\/figure>\n\n\n\n<div style=\"height:100px\" aria-hidden=\"true\" class=\"wp-block-spacer\"><\/div>\n\n\n\n<h3 class=\"wp-block-heading\">Sponsoren<\/h3>\n\n\n\n<div class=\"wp-block-columns is-layout-flex wp-container-core-columns-is-layout-9d6595d7 wp-block-columns-is-layout-flex\">\n<div class=\"wp-block-column is-layout-flow wp-block-column-is-layout-flow\">\n<figure class=\"wp-block-image size-full\"><img loading=\"lazy\" decoding=\"async\" width=\"541\" height=\"91\" src=\"https:\/\/dxr52e0jfi242.cloudfront.net\/uploads\/2023\/12\/logo-footer.png\" alt=\"Rafa Nadal Logo\" class=\"wp-image-235\" srcset=\"https:\/\/www.rafanadalacademy.com\/wp-content\/uploads\/2023\/12\/logo-footer.png 541w, https:\/\/www.rafanadalacademy.com\/wp-content\/uploads\/2023\/12\/logo-footer-300x50.png 300w\" sizes=\"auto, (max-width: 541px) 100vw, 541px\" \/><\/figure>\n<\/div>\n\n\n\n<div class=\"wp-block-column is-layout-flow wp-block-column-is-layout-flow\">\n<figure class=\"wp-block-image size-full\"><img loading=\"lazy\" decoding=\"async\" width=\"541\" height=\"91\" src=\"https:\/\/dxr52e0jfi242.cloudfront.net\/uploads\/2023\/12\/logo-footer.png\" alt=\"Rafa Nadal Logo\" class=\"wp-image-235\" srcset=\"https:\/\/www.rafanadalacademy.com\/wp-content\/uploads\/2023\/12\/logo-footer.png 541w, https:\/\/www.rafanadalacademy.com\/wp-content\/uploads\/2023\/12\/logo-footer-300x50.png 300w\" sizes=\"auto, (max-width: 541px) 100vw, 541px\" \/><\/figure>\n<\/div>\n\n\n\n<div class=\"wp-block-column is-layout-flow wp-block-column-is-layout-flow\">\n<figure class=\"wp-block-image size-full\"><img loading=\"lazy\" decoding=\"async\" width=\"541\" height=\"91\" src=\"https:\/\/dxr52e0jfi242.cloudfront.net\/uploads\/2023\/12\/logo-footer.png\" alt=\"Rafa Nadal Logo\" class=\"wp-image-235\" srcset=\"https:\/\/www.rafanadalacademy.com\/wp-content\/uploads\/2023\/12\/logo-footer.png 541w, https:\/\/www.rafanadalacademy.com\/wp-content\/uploads\/2023\/12\/logo-footer-300x50.png 300w\" sizes=\"auto, (max-width: 541px) 100vw, 541px\" \/><\/figure>\n<\/div>\n<\/div>\n\n\n\n<div style=\"height:100px\" aria-hidden=\"true\" class=\"wp-block-spacer\"><\/div>\n\n\n\n<h3 class=\"wp-block-heading\">Partner<\/h3>\n\n\n\n<div class=\"wp-block-columns is-layout-flex wp-container-core-columns-is-layout-9d6595d7 wp-block-columns-is-layout-flex\">\n<div class=\"wp-block-column is-layout-flow wp-block-column-is-layout-flow\">\n<figure class=\"wp-block-image size-full\"><img loading=\"lazy\" decoding=\"async\" width=\"541\" height=\"91\" src=\"https:\/\/dxr52e0jfi242.cloudfront.net\/uploads\/2023\/12\/logo-footer.png\" alt=\"Rafa Nadal Logo\" class=\"wp-image-235\" srcset=\"https:\/\/www.rafanadalacademy.com\/wp-content\/uploads\/2023\/12\/logo-footer.png 541w, https:\/\/www.rafanadalacademy.com\/wp-content\/uploads\/2023\/12\/logo-footer-300x50.png 300w\" sizes=\"auto, (max-width: 541px) 100vw, 541px\" \/><\/figure>\n<\/div>\n\n\n\n<div class=\"wp-block-column is-layout-flow wp-block-column-is-layout-flow\">\n<figure class=\"wp-block-image size-full\"><img loading=\"lazy\" decoding=\"async\" width=\"541\" height=\"91\" src=\"https:\/\/dxr52e0jfi242.cloudfront.net\/uploads\/2023\/12\/logo-footer.png\" alt=\"Rafa Nadal Logo\" class=\"wp-image-235\" srcset=\"https:\/\/www.rafanadalacademy.com\/wp-content\/uploads\/2023\/12\/logo-footer.png 541w, https:\/\/www.rafanadalacademy.com\/wp-content\/uploads\/2023\/12\/logo-footer-300x50.png 300w\" sizes=\"auto, (max-width: 541px) 100vw, 541px\" \/><\/figure>\n<\/div>\n\n\n\n<div class=\"wp-block-column is-layout-flow wp-block-column-is-layout-flow\">\n<figure class=\"wp-block-image size-full\"><img loading=\"lazy\" decoding=\"async\" width=\"541\" height=\"91\" src=\"https:\/\/dxr52e0jfi242.cloudfront.net\/uploads\/2023\/12\/logo-footer.png\" alt=\"Rafa Nadal Logo\" class=\"wp-image-235\" srcset=\"https:\/\/www.rafanadalacademy.com\/wp-content\/uploads\/2023\/12\/logo-footer.png 541w, https:\/\/www.rafanadalacademy.com\/wp-content\/uploads\/2023\/12\/logo-footer-300x50.png 300w\" sizes=\"auto, (max-width: 541px) 100vw, 541px\" \/><\/figure>\n<\/div>\n<\/div>\n<\/div>\n<\/div>\n\n<section class=\"bg-[#03022A] p-8\" >\n    <div class=\"flex flex-col lg:flex-row gap-6 lg:gap-[6.8125rem]\">\n        <div>\n                            <h2 class=\"text-white opacity-50 mb-6 font-bold text-[21px] leading-8\">\n                    Patrocinador principal                <\/h2>\n                                        <div class=\"items-center flex flex-row\">\n                    <img decoding=\"async\" loading=\"lazy\" class=\"opacity-50\" src=\"https:\/\/www.rafanadalacademy.com\/wp-content\/uploads\/2023\/12\/indiba-38lxo0mlg7.png\" alt=\"\" style=\"max-width:300px;max-height:100px;\">\n                <\/div>\n                    <\/div>\n        <div>\n                            <h2 class=\"text-white opacity-50 mb-6 font-bold text-[21px] leading-8\">\n                    Patrocinadors                <\/h2>\n                                        <div class=\"swiper collaborators-swiper\">\n                    <div class=\"swiper-wrapper items-center\">\n                                            <div class=\"swiper-slide w-auto\">\n                            <img decoding=\"async\" loading=\"lazy\" class=\"opacity-50\" src=\"https:\/\/www.rafanadalacademy.com\/wp-content\/uploads\/2023\/12\/logo-babolat-1.png\" alt=\"\" style=\"max-width:180px;max-height:60px;\">\n                        <\/div>\n                                            <div class=\"swiper-slide w-auto\">\n                            <img decoding=\"async\" loading=\"lazy\" class=\"opacity-50\" src=\"https:\/\/www.rafanadalacademy.com\/wp-content\/uploads\/2023\/12\/richard-mille-logo-1.png\" alt=\"\" style=\"max-width:180px;max-height:60px;\">\n                        <\/div>\n                                            <div class=\"swiper-slide w-auto\">\n                            <img decoding=\"async\" loading=\"lazy\" class=\"opacity-50\" src=\"https:\/\/www.rafanadalacademy.com\/wp-content\/uploads\/2023\/12\/amstel-1qwvod7lkx.png\" alt=\"\" style=\"max-width:180px;max-height:60px;\">\n                        <\/div>\n                                        <\/div>\n                <\/div>\n                    <\/div> \n    <\/div>\n<\/section>\n<section class=\"bg-[#03022A] pt-4 pb-20 lg:pt-10 lg:pb-20\" >\n    <h2 class=\"text-white opacity-50 mb-6 font-bold text-[21px] leading-8 ml-8\">\n        Partner    <\/h2>\n\n            <div class=\"swiper collaborators-swiper ml-8\">\n            <div class=\"swiper-wrapper items-center\">\n                                                            <div class=\"swiper-slide w-auto\">\n                            <img decoding=\"async\" loading=\"lazy\" class=\"opacity-50\" src=\"https:\/\/www.rafanadalacademy.com\/wp-content\/uploads\/2023\/12\/richard-mille-logo-1.png\" alt=\"\" style=\"max-width:180px;max-height:60px;\">\n                        <\/div>\n                                                                                <div class=\"swiper-slide w-auto\">\n                            <img decoding=\"async\" loading=\"lazy\" class=\"opacity-50\" src=\"https:\/\/www.rafanadalacademy.com\/wp-content\/uploads\/2023\/12\/logo-babolat-1.png\" alt=\"\" style=\"max-width:180px;max-height:60px;\">\n                        <\/div>\n                                                                                <div class=\"swiper-slide w-auto\">\n                            <img decoding=\"async\" loading=\"lazy\" class=\"opacity-50\" src=\"https:\/\/www.rafanadalacademy.com\/wp-content\/uploads\/2023\/12\/quironsalud-Convertido-1.png\" alt=\"\" style=\"max-width:180px;max-height:60px;\">\n                        <\/div>\n                                                                                <div class=\"swiper-slide w-auto\">\n                            <img decoding=\"async\" loading=\"lazy\" class=\"opacity-50\" src=\"https:\/\/www.rafanadalacademy.com\/wp-content\/uploads\/2023\/12\/azul-marino-m1lk0zvwrz-1.png\" alt=\"\" style=\"max-width:180px;max-height:60px;\">\n                        <\/div>\n                                                                                    <\/div>\n        <\/div>\n    <\/section>","protected":false},"excerpt":{"rendered":"<p>Hauptsponsor Sponsoren Partner<\/p>\n","protected":false},"author":2,"featured_media":0,"parent":0,"menu_order":0,"comment_status":"closed","ping_status":"closed","template":"","meta":{"_acf_changed":false,"footnotes":""},"complementos":[],"abierta":[],"horario":[],"ratio":[],"class_list":["post-10662","page","type-page","status-publish","hentry"],"acf":[],"yoast_head":"<!-- This site is optimized with the Yoast SEO Premium plugin v26.8 (Yoast SEO v26.9) - https:\/\/yoast.com\/product\/yoast-seo-premium-wordpress\/ -->\n<title>F\u00f6rderer : Rafa Nadal Akademie<\/title>\n<meta name=\"description\" content=\"M\u00f6chten Sie wissen, wer uns unterst\u00fctzt? Erfahren Sie hier, welche Sponsoren die Rafa Nadal Academy derzeit unterst\u00fctzen!\" \/>\n<meta name=\"robots\" content=\"index, follow, max-snippet:-1, max-image-preview:large, max-video-preview:-1\" \/>\n<link rel=\"canonical\" href=\"https:\/\/www.rafanadalacademy.com\/de\/sponsoren\/\" \/>\n<meta property=\"og:locale\" content=\"de_DE\" \/>\n<meta property=\"og:type\" content=\"article\" \/>\n<meta property=\"og:title\" content=\"Sponsoren\" \/>\n<meta property=\"og:description\" content=\"M\u00f6chten Sie wissen, wer uns unterst\u00fctzt? Erfahren Sie hier, welche Sponsoren die Rafa Nadal Academy derzeit unterst\u00fctzen!\" \/>\n<meta property=\"og:url\" content=\"https:\/\/www.rafanadalacademy.com\/de\/sponsoren\/\" \/>\n<meta property=\"og:site_name\" content=\"Rafa Nadal Academy\" \/>\n<meta property=\"article:modified_time\" content=\"2024-04-30T15:03:35+00:00\" \/>\n<meta property=\"og:image\" content=\"https:\/\/www.rafanadalacademy.com\/wp-content\/uploads\/2023\/12\/logo-footer.png\" \/>\n\t<meta property=\"og:image:width\" content=\"541\" \/>\n\t<meta property=\"og:image:height\" content=\"91\" \/>\n\t<meta property=\"og:image:type\" content=\"image\/png\" \/>\n<meta name=\"twitter:card\" content=\"summary_large_image\" \/>\n<script type=\"application\/ld+json\" class=\"yoast-schema-graph\">{\"@context\":\"https:\/\/schema.org\",\"@graph\":[{\"@type\":\"WebPage\",\"@id\":\"https:\/\/www.rafanadalacademy.com\/de\/sponsoren\/\",\"url\":\"https:\/\/www.rafanadalacademy.com\/de\/sponsoren\/\",\"name\":\"F\u00f6rderer : Rafa Nadal Akademie\",\"isPartOf\":{\"@id\":\"https:\/\/www.rafanadalacademy.com\/de\/#website\"},\"primaryImageOfPage\":{\"@id\":\"https:\/\/www.rafanadalacademy.com\/de\/sponsoren\/#primaryimage\"},\"image\":{\"@id\":\"https:\/\/www.rafanadalacademy.com\/de\/sponsoren\/#primaryimage\"},\"thumbnailUrl\":\"https:\/\/dxr52e0jfi242.cloudfront.net\/uploads\/2023\/12\/logo-footer.png\",\"datePublished\":\"2024-02-07T10:05:37+00:00\",\"dateModified\":\"2024-04-30T15:03:35+00:00\",\"description\":\"M\u00f6chten Sie wissen, wer uns unterst\u00fctzt? Erfahren Sie hier, welche Sponsoren die Rafa Nadal Academy derzeit unterst\u00fctzen!\",\"breadcrumb\":{\"@id\":\"https:\/\/www.rafanadalacademy.com\/de\/sponsoren\/#breadcrumb\"},\"inLanguage\":\"de-DE\",\"potentialAction\":[{\"@type\":\"ReadAction\",\"target\":[\"https:\/\/www.rafanadalacademy.com\/de\/sponsoren\/\"]}]},{\"@type\":\"ImageObject\",\"inLanguage\":\"de-DE\",\"@id\":\"https:\/\/www.rafanadalacademy.com\/de\/sponsoren\/#primaryimage\",\"url\":\"https:\/\/dxr52e0jfi242.cloudfront.net\/uploads\/2023\/12\/logo-footer.png\",\"contentUrl\":\"https:\/\/dxr52e0jfi242.cloudfront.net\/uploads\/2023\/12\/logo-footer.png\"},{\"@type\":\"BreadcrumbList\",\"@id\":\"https:\/\/www.rafanadalacademy.com\/de\/sponsoren\/#breadcrumb\",\"itemListElement\":[{\"@type\":\"ListItem\",\"position\":1,\"name\":\"Home\",\"item\":\"https:\/\/www.rafanadalacademy.com\/de\/\"},{\"@type\":\"ListItem\",\"position\":2,\"name\":\"Sponsoren\"}]},{\"@type\":\"WebSite\",\"@id\":\"https:\/\/www.rafanadalacademy.com\/de\/#website\",\"url\":\"https:\/\/www.rafanadalacademy.com\/de\/\",\"name\":\"Rafa Nadal Academy\",\"description\":\"Otro sitio realizado con WordPress\",\"potentialAction\":[{\"@type\":\"SearchAction\",\"target\":{\"@type\":\"EntryPoint\",\"urlTemplate\":\"https:\/\/www.rafanadalacademy.com\/de\/?s={search_term_string}\"},\"query-input\":{\"@type\":\"PropertyValueSpecification\",\"valueRequired\":true,\"valueName\":\"search_term_string\"}}],\"inLanguage\":\"de-DE\"},{\"@type\":\"ImageObject\",\"inLanguage\":\"de-DE\",\"@id\":\"https:\/\/www.rafanadalacademy.com\/de\/sponsoren\/#local-main-organization-logo\",\"url\":\"\",\"contentUrl\":\"\",\"caption\":\"Rafa Nadal Academy\"}]}<\/script>\n<!-- \/ Yoast SEO Premium plugin. -->","yoast_head_json":{"title":"F\u00f6rderer : Rafa Nadal Akademie","description":"M\u00f6chten Sie wissen, wer uns unterst\u00fctzt? Erfahren Sie hier, welche Sponsoren die Rafa Nadal Academy derzeit unterst\u00fctzen!","robots":{"index":"index","follow":"follow","max-snippet":"max-snippet:-1","max-image-preview":"max-image-preview:large","max-video-preview":"max-video-preview:-1"},"canonical":"https:\/\/www.rafanadalacademy.com\/de\/sponsoren\/","og_locale":"de_DE","og_type":"article","og_title":"Sponsoren","og_description":"M\u00f6chten Sie wissen, wer uns unterst\u00fctzt? Erfahren Sie hier, welche Sponsoren die Rafa Nadal Academy derzeit unterst\u00fctzen!","og_url":"https:\/\/www.rafanadalacademy.com\/de\/sponsoren\/","og_site_name":"Rafa Nadal Academy","article_modified_time":"2024-04-30T15:03:35+00:00","og_image":[{"width":541,"height":91,"url":"https:\/\/www.rafanadalacademy.com\/wp-content\/uploads\/2023\/12\/logo-footer.png","type":"image\/png"}],"twitter_card":"summary_large_image","schema":{"@context":"https:\/\/schema.org","@graph":[{"@type":"WebPage","@id":"https:\/\/www.rafanadalacademy.com\/de\/sponsoren\/","url":"https:\/\/www.rafanadalacademy.com\/de\/sponsoren\/","name":"F\u00f6rderer : Rafa Nadal Akademie","isPartOf":{"@id":"https:\/\/www.rafanadalacademy.com\/de\/#website"},"primaryImageOfPage":{"@id":"https:\/\/www.rafanadalacademy.com\/de\/sponsoren\/#primaryimage"},"image":{"@id":"https:\/\/www.rafanadalacademy.com\/de\/sponsoren\/#primaryimage"},"thumbnailUrl":"https:\/\/dxr52e0jfi242.cloudfront.net\/uploads\/2023\/12\/logo-footer.png","datePublished":"2024-02-07T10:05:37+00:00","dateModified":"2024-04-30T15:03:35+00:00","description":"M\u00f6chten Sie wissen, wer uns unterst\u00fctzt? Erfahren Sie hier, welche Sponsoren die Rafa Nadal Academy derzeit unterst\u00fctzen!","breadcrumb":{"@id":"https:\/\/www.rafanadalacademy.com\/de\/sponsoren\/#breadcrumb"},"inLanguage":"de-DE","potentialAction":[{"@type":"ReadAction","target":["https:\/\/www.rafanadalacademy.com\/de\/sponsoren\/"]}]},{"@type":"ImageObject","inLanguage":"de-DE","@id":"https:\/\/www.rafanadalacademy.com\/de\/sponsoren\/#primaryimage","url":"https:\/\/dxr52e0jfi242.cloudfront.net\/uploads\/2023\/12\/logo-footer.png","contentUrl":"https:\/\/dxr52e0jfi242.cloudfront.net\/uploads\/2023\/12\/logo-footer.png"},{"@type":"BreadcrumbList","@id":"https:\/\/www.rafanadalacademy.com\/de\/sponsoren\/#breadcrumb","itemListElement":[{"@type":"ListItem","position":1,"name":"Home","item":"https:\/\/www.rafanadalacademy.com\/de\/"},{"@type":"ListItem","position":2,"name":"Sponsoren"}]},{"@type":"WebSite","@id":"https:\/\/www.rafanadalacademy.com\/de\/#website","url":"https:\/\/www.rafanadalacademy.com\/de\/","name":"Rafa Nadal Academy","description":"Otro sitio realizado con WordPress","potentialAction":[{"@type":"SearchAction","target":{"@type":"EntryPoint","urlTemplate":"https:\/\/www.rafanadalacademy.com\/de\/?s={search_term_string}"},"query-input":{"@type":"PropertyValueSpecification","valueRequired":true,"valueName":"search_term_string"}}],"inLanguage":"de-DE"},{"@type":"ImageObject","inLanguage":"de-DE","@id":"https:\/\/www.rafanadalacademy.com\/de\/sponsoren\/#local-main-organization-logo","url":"","contentUrl":"","caption":"Rafa Nadal Academy"}]}},"_links":{"self":[{"href":"https:\/\/www.rafanadalacademy.com\/de\/wp-json\/wp\/v2\/pages\/10662","targetHints":{"allow":["GET"]}}],"collection":[{"href":"https:\/\/www.rafanadalacademy.com\/de\/wp-json\/wp\/v2\/pages"}],"about":[{"href":"https:\/\/www.rafanadalacademy.com\/de\/wp-json\/wp\/v2\/types\/page"}],"author":[{"embeddable":true,"href":"https:\/\/www.rafanadalacademy.com\/de\/wp-json\/wp\/v2\/users\/2"}],"replies":[{"embeddable":true,"href":"https:\/\/www.rafanadalacademy.com\/de\/wp-json\/wp\/v2\/comments?post=10662"}],"version-history":[{"count":1,"href":"https:\/\/www.rafanadalacademy.com\/de\/wp-json\/wp\/v2\/pages\/10662\/revisions"}],"predecessor-version":[{"id":10671,"href":"https:\/\/www.rafanadalacademy.com\/de\/wp-json\/wp\/v2\/pages\/10662\/revisions\/10671"}],"wp:attachment":[{"href":"https:\/\/www.rafanadalacademy.com\/de\/wp-json\/wp\/v2\/media?parent=10662"}],"wp:term":[{"taxonomy":"complementos","embeddable":true,"href":"https:\/\/www.rafanadalacademy.com\/de\/wp-json\/wp\/v2\/complementos?post=10662"},{"taxonomy":"abierta","embeddable":true,"href":"https:\/\/www.rafanadalacademy.com\/de\/wp-json\/wp\/v2\/abierta?post=10662"},{"taxonomy":"horario","embeddable":true,"href":"https:\/\/www.rafanadalacademy.com\/de\/wp-json\/wp\/v2\/horario?post=10662"},{"taxonomy":"ratio","embeddable":true,"href":"https:\/\/www.rafanadalacademy.com\/de\/wp-json\/wp\/v2\/ratio?post=10662"}],"curies":[{"name":"wp","href":"https:\/\/api.w.org\/{rel}","templated":true}]}}