{"id":11582,"date":"2024-01-18T11:37:11","date_gmt":"2024-01-18T11:37:11","guid":{"rendered":"https:\/\/www.rafanadalacademy.com\/tornejos-tennis-school-program\/"},"modified":"2024-06-07T08:10:39","modified_gmt":"2024-06-07T08:10:39","slug":"tornejos-tennis-school","status":"publish","type":"page","link":"https:\/\/www.rafanadalacademy.com\/ca\/programa-curs-tennis\/tornejos-tennis-school\/","title":{"rendered":"Tornejos Annual Program"},"content":{"rendered":"\n<section class=\"linear-gradient-rf overflow-hidden\">\n\t<div class=\"relative\">\n\t\t\t\t\t<div class=\"video-background test bg-center bg-cover bg-[#82819A] z-0 h-[40rem] lg:h-[35.25rem]\">\n\t\t\t\t\t\t\t<img decoding=\"async\" src=\"https:\/\/www.rafanadalacademy.com\/wp-content\/uploads\/2024\/05\/Loes-Ebeling-y-Isabel-Skoog-6-scaled-e1716281664766.jpg\" alt=\"\" class=\"absolute  lg:block object-cover h-full w-full\" style=\"mix-blend-mode: multiply;\">\n\t\t\t\t\t\t\t\t\t\t\t\t\t\t\t<div class=\"lg:max-w-[70.5rem] mx-auto px-4 relative h-full z-10\">\n\t\t\t\t<div class=\"absolute top-1\/2 -translate-y-1\/2 px-4 left-0 1\">\n\t\t\t\t\t \n\t\t\t\t\t\t\t\t\t\t\t<h1 class=\"text-white text-[3rem] leading-[3.75rem] lg:text-[4rem] lg:leading-[5rem] font-bold mb-4 lg:max-w-full\">Tornejos Annual Program<\/h1>\n\t\t\t\t\t\t\t\t\t\t\t\t\t\t\t\t\t\t\t\t\t<div class=\"flex gap-4 items-center 1\">\n\t\t\t\t\t\t\t\t\t\t\t\t\t\t\t<div class=\"h-[0.0625rem] w-[1.875rem] bg-[#E5E5E5] shrink-0\"><\/div>\n\t\t\t\t\t\t\t\t\t\t\t\t\t\t<p class=\"text-[#E5E5E5] text-lg text-8 lg:text-lg lg:leading-8 max-w-[26.25rem]\">La competici\u00f3 \u00e9s una eina fonamental per al desenvolupament del jugador com a tennista i com a persona<\/p>\n\t\t\t\t\t\t<\/div>\n\t\t\t\t\t\t\t\t\t\t<div class=\"flex flex-col lg:flex-row gap-4 mt-6 1\">\n\t\t\t\t\t\t\t\t\t\t\t\t\t\t\t\t\t<\/div>\n\t\t\t\t<\/div>\n\t\t\t<\/div>\n\t\t<\/div>\n\t\t\t\t\t\t\t<\/div>\n\t\t\t<\/section>\n\n\n<section class=\"py-10 overflow-hidden \" >\n\t<div class=\"max-w-[71.25rem] px-4 mx-auto\">\n\t\t<div class=\"flex flex-col lg:flex-row justify-center gap-8 lg:gap-[5.5rem] w-full\">\n\t\t\t<div class=\"max-w-[29rem] w-full\">\n\t\t\t\t\t\t\t\t\t<h2 class=\"text-tertiary text-[2rem] leading-[3rem] lg:text-[2.3125rem] lg:leading-[3.25rem] lg:text-[3rem] lg:leading-[3.75rem] font-medium mb-4 lg:mb-6 \">Competicions dins del programa<\/h2>\n\t\t\t\t\t\t\t\t\t\t\t<\/div>\n\t\t\t<div class=\"flex flex-col max-w-[34.75rem] gap-[1.375rem] text-lg leading-8 text-center lg:text-left \">\n\t\t\t\t\t\t\t\t\t<p>A la Rafa Nadal Academy reconeixem la import\u00e0ncia vital de la competici\u00f3 en el desenvolupament tant esportiu com a personal de cada jugador. Entenem que cada jugador \u00e9s \u00fanic, i per aix\u00f2 treballem en estreta col\u00b7laboraci\u00f3 amb l&#8217;entrenador, el Head Coach i el tutor del Rafa Nadal International School per dissenyar <strong>un calendari de tornejos a mida d&#8217;acord amb l&#8217;edat i el nivell de tennis de cada participant.<\/strong> . Aquest calendari inclou una \u00e0mplia gamma d&#8217;opcions, des de tornejos locals que fomenten el creixement inicial fins a desafiaments nacionals i internacionals que ofereixen oportunitats d&#8217;aprenentatge i compet\u00e8ncia a nivell global.<\/p>\n\t\t\t\t\t\t\t<\/div>\n\t\t<\/div>\n\t<\/div>\n<\/section>\n\n\n","protected":false},"excerpt":{"rendered":"","protected":false},"author":4,"featured_media":0,"parent":11616,"menu_order":0,"comment_status":"closed","ping_status":"closed","template":"","meta":{"_acf_changed":false,"footnotes":""},"complementos":[],"abierta":[],"horario":[],"ratio":[],"class_list":["post-11582","page","type-page","status-publish","hentry"],"acf":[],"yoast_head":"<!-- This site is optimized with the Yoast SEO Premium plugin v26.8 (Yoast SEO v26.9) - https:\/\/yoast.com\/product\/yoast-seo-premium-wordpress\/ -->\n<title>Tornejos Tennis &amp; School | Rafa Nadal Academy<\/title>\n<meta name=\"description\" content=\"Si vols mesurar-te amb altres alumnes de Rafa Nadal Academy i competir per arribar a ser el millor, descobreix els nostres tornejos. Apunta&#039;t ja!\" \/>\n<meta name=\"robots\" content=\"index, follow, max-snippet:-1, max-image-preview:large, max-video-preview:-1\" \/>\n<link rel=\"canonical\" href=\"https:\/\/www.rafanadalacademy.com\/ca\/programa-curs-tennis\/tornejos-tennis-school\/\" \/>\n<meta property=\"og:locale\" content=\"ca_ES\" \/>\n<meta property=\"og:type\" content=\"article\" \/>\n<meta property=\"og:title\" content=\"Tornejos Annual Program\" \/>\n<meta property=\"og:description\" content=\"Si vols mesurar-te amb altres alumnes de Rafa Nadal Academy i competir per arribar a ser el millor, descobreix els nostres tornejos. Apunta&#039;t ja!\" \/>\n<meta property=\"og:url\" content=\"https:\/\/www.rafanadalacademy.com\/ca\/programa-curs-tennis\/tornejos-tennis-school\/\" \/>\n<meta property=\"og:site_name\" content=\"Rafa Nadal Academy\" \/>\n<meta property=\"article:modified_time\" content=\"2024-06-07T08:10:39+00:00\" \/>\n<meta name=\"twitter:card\" content=\"summary_large_image\" \/>\n<meta name=\"twitter:label1\" content=\"Est. reading time\" \/>\n\t<meta name=\"twitter:data1\" content=\"2 minutes\" \/>\n<script type=\"application\/ld+json\" class=\"yoast-schema-graph\">{\"@context\":\"https:\/\/schema.org\",\"@graph\":[{\"@type\":\"WebPage\",\"@id\":\"https:\/\/www.rafanadalacademy.com\/ca\/programa-curs-tennis\/tornejos-tennis-school\/\",\"url\":\"https:\/\/www.rafanadalacademy.com\/ca\/programa-curs-tennis\/tornejos-tennis-school\/\",\"name\":\"Tornejos Tennis & School | Rafa Nadal Academy\",\"isPartOf\":{\"@id\":\"https:\/\/www.rafanadalacademy.com\/ca\/#website\"},\"datePublished\":\"2024-01-18T11:37:11+00:00\",\"dateModified\":\"2024-06-07T08:10:39+00:00\",\"description\":\"Si vols mesurar-te amb altres alumnes de Rafa Nadal Academy i competir per arribar a ser el millor, descobreix els nostres tornejos. Apunta't ja!\",\"breadcrumb\":{\"@id\":\"https:\/\/www.rafanadalacademy.com\/ca\/programa-curs-tennis\/tornejos-tennis-school\/#breadcrumb\"},\"inLanguage\":\"ca\",\"potentialAction\":[{\"@type\":\"ReadAction\",\"target\":[\"https:\/\/www.rafanadalacademy.com\/ca\/programa-curs-tennis\/tornejos-tennis-school\/\"]}]},{\"@type\":\"BreadcrumbList\",\"@id\":\"https:\/\/www.rafanadalacademy.com\/ca\/programa-curs-tennis\/tornejos-tennis-school\/#breadcrumb\",\"itemListElement\":[{\"@type\":\"ListItem\",\"position\":1,\"name\":\"Home\",\"item\":\"https:\/\/www.rafanadalacademy.com\/ca\/\"},{\"@type\":\"ListItem\",\"position\":2,\"name\":\"Annual &#038; Semester Program\",\"item\":\"https:\/\/www.rafanadalacademy.com\/ca\/programa-curs-tennis\/\"},{\"@type\":\"ListItem\",\"position\":3,\"name\":\"Tornejos Annual Program\"}]},{\"@type\":\"WebSite\",\"@id\":\"https:\/\/www.rafanadalacademy.com\/ca\/#website\",\"url\":\"https:\/\/www.rafanadalacademy.com\/ca\/\",\"name\":\"Rafa Nadal Academy\",\"description\":\"Otro sitio realizado con WordPress\",\"potentialAction\":[{\"@type\":\"SearchAction\",\"target\":{\"@type\":\"EntryPoint\",\"urlTemplate\":\"https:\/\/www.rafanadalacademy.com\/ca\/?s={search_term_string}\"},\"query-input\":{\"@type\":\"PropertyValueSpecification\",\"valueRequired\":true,\"valueName\":\"search_term_string\"}}],\"inLanguage\":\"ca\"},{\"@type\":\"ImageObject\",\"inLanguage\":\"ca\",\"@id\":\"https:\/\/www.rafanadalacademy.com\/ca\/programa-curs-tennis\/tornejos-tennis-school\/#local-main-organization-logo\",\"url\":\"\",\"contentUrl\":\"\",\"caption\":\"Rafa Nadal Academy\"}]}<\/script>\n<!-- \/ Yoast SEO Premium plugin. -->","yoast_head_json":{"title":"Tornejos Tennis & School | Rafa Nadal Academy","description":"Si vols mesurar-te amb altres alumnes de Rafa Nadal Academy i competir per arribar a ser el millor, descobreix els nostres tornejos. Apunta't ja!","robots":{"index":"index","follow":"follow","max-snippet":"max-snippet:-1","max-image-preview":"max-image-preview:large","max-video-preview":"max-video-preview:-1"},"canonical":"https:\/\/www.rafanadalacademy.com\/ca\/programa-curs-tennis\/tornejos-tennis-school\/","og_locale":"ca_ES","og_type":"article","og_title":"Tornejos Annual Program","og_description":"Si vols mesurar-te amb altres alumnes de Rafa Nadal Academy i competir per arribar a ser el millor, descobreix els nostres tornejos. Apunta't ja!","og_url":"https:\/\/www.rafanadalacademy.com\/ca\/programa-curs-tennis\/tornejos-tennis-school\/","og_site_name":"Rafa Nadal Academy","article_modified_time":"2024-06-07T08:10:39+00:00","twitter_card":"summary_large_image","twitter_misc":{"Est. reading time":"2 minutes"},"schema":{"@context":"https:\/\/schema.org","@graph":[{"@type":"WebPage","@id":"https:\/\/www.rafanadalacademy.com\/ca\/programa-curs-tennis\/tornejos-tennis-school\/","url":"https:\/\/www.rafanadalacademy.com\/ca\/programa-curs-tennis\/tornejos-tennis-school\/","name":"Tornejos Tennis & School | Rafa Nadal Academy","isPartOf":{"@id":"https:\/\/www.rafanadalacademy.com\/ca\/#website"},"datePublished":"2024-01-18T11:37:11+00:00","dateModified":"2024-06-07T08:10:39+00:00","description":"Si vols mesurar-te amb altres alumnes de Rafa Nadal Academy i competir per arribar a ser el millor, descobreix els nostres tornejos. Apunta't ja!","breadcrumb":{"@id":"https:\/\/www.rafanadalacademy.com\/ca\/programa-curs-tennis\/tornejos-tennis-school\/#breadcrumb"},"inLanguage":"ca","potentialAction":[{"@type":"ReadAction","target":["https:\/\/www.rafanadalacademy.com\/ca\/programa-curs-tennis\/tornejos-tennis-school\/"]}]},{"@type":"BreadcrumbList","@id":"https:\/\/www.rafanadalacademy.com\/ca\/programa-curs-tennis\/tornejos-tennis-school\/#breadcrumb","itemListElement":[{"@type":"ListItem","position":1,"name":"Home","item":"https:\/\/www.rafanadalacademy.com\/ca\/"},{"@type":"ListItem","position":2,"name":"Annual &#038; Semester Program","item":"https:\/\/www.rafanadalacademy.com\/ca\/programa-curs-tennis\/"},{"@type":"ListItem","position":3,"name":"Tornejos Annual Program"}]},{"@type":"WebSite","@id":"https:\/\/www.rafanadalacademy.com\/ca\/#website","url":"https:\/\/www.rafanadalacademy.com\/ca\/","name":"Rafa Nadal Academy","description":"Otro sitio realizado con WordPress","potentialAction":[{"@type":"SearchAction","target":{"@type":"EntryPoint","urlTemplate":"https:\/\/www.rafanadalacademy.com\/ca\/?s={search_term_string}"},"query-input":{"@type":"PropertyValueSpecification","valueRequired":true,"valueName":"search_term_string"}}],"inLanguage":"ca"},{"@type":"ImageObject","inLanguage":"ca","@id":"https:\/\/www.rafanadalacademy.com\/ca\/programa-curs-tennis\/tornejos-tennis-school\/#local-main-organization-logo","url":"","contentUrl":"","caption":"Rafa Nadal Academy"}]}},"_links":{"self":[{"href":"https:\/\/www.rafanadalacademy.com\/ca\/wp-json\/wp\/v2\/pages\/11582","targetHints":{"allow":["GET"]}}],"collection":[{"href":"https:\/\/www.rafanadalacademy.com\/ca\/wp-json\/wp\/v2\/pages"}],"about":[{"href":"https:\/\/www.rafanadalacademy.com\/ca\/wp-json\/wp\/v2\/types\/page"}],"author":[{"embeddable":true,"href":"https:\/\/www.rafanadalacademy.com\/ca\/wp-json\/wp\/v2\/users\/4"}],"replies":[{"embeddable":true,"href":"https:\/\/www.rafanadalacademy.com\/ca\/wp-json\/wp\/v2\/comments?post=11582"}],"version-history":[{"count":6,"href":"https:\/\/www.rafanadalacademy.com\/ca\/wp-json\/wp\/v2\/pages\/11582\/revisions"}],"predecessor-version":[{"id":15091,"href":"https:\/\/www.rafanadalacademy.com\/ca\/wp-json\/wp\/v2\/pages\/11582\/revisions\/15091"}],"up":[{"embeddable":true,"href":"https:\/\/www.rafanadalacademy.com\/ca\/wp-json\/wp\/v2\/pages\/11616"}],"wp:attachment":[{"href":"https:\/\/www.rafanadalacademy.com\/ca\/wp-json\/wp\/v2\/media?parent=11582"}],"wp:term":[{"taxonomy":"complementos","embeddable":true,"href":"https:\/\/www.rafanadalacademy.com\/ca\/wp-json\/wp\/v2\/complementos?post=11582"},{"taxonomy":"abierta","embeddable":true,"href":"https:\/\/www.rafanadalacademy.com\/ca\/wp-json\/wp\/v2\/abierta?post=11582"},{"taxonomy":"horario","embeddable":true,"href":"https:\/\/www.rafanadalacademy.com\/ca\/wp-json\/wp\/v2\/horario?post=11582"},{"taxonomy":"ratio","embeddable":true,"href":"https:\/\/www.rafanadalacademy.com\/ca\/wp-json\/wp\/v2\/ratio?post=11582"}],"curies":[{"name":"wp","href":"https:\/\/api.w.org\/{rel}","templated":true}]}}