{"id":11160,"date":"2024-02-22T10:12:57","date_gmt":"2024-02-22T10:12:57","guid":{"rendered":"https:\/\/www.rafanadalacademy.com\/installacions\/restaurants\/club-house\/"},"modified":"2025-11-20T15:06:44","modified_gmt":"2025-11-20T15:06:44","slug":"club-house","status":"publish","type":"page","link":"https:\/\/www.rafanadalacademy.com\/ca\/installacions\/restaurants\/club-house\/","title":{"rendered":"Club House"},"content":{"rendered":"\n<section class=\"linear-gradient-rf overflow-hidden\">\n\t<div class=\"relative\">\n\t\t\t\t\t<div class=\"video-background test bg-center bg-cover  z-0 h-[40rem] lg:h-[35.25rem]\">\n\t\t\t\t\t\t\t<img decoding=\"async\" src=\"https:\/\/www.rafanadalacademy.com\/wp-content\/uploads\/2024\/04\/ISM00012-copia-scaled.jpg\" alt=\"\" class=\"absolute  lg:block object-cover h-full w-full\" style=\"mix-blend-mode: multiply;\">\n\t\t\t\t\t\t\t\t\t\t\t\t\t\t\t<div class=\"lg:max-w-[70.5rem] mx-auto px-4 relative h-full z-10\">\n\t\t\t\t<div class=\"absolute top-1\/2 -translate-y-1\/2 px-4 left-0 1\">\n\t\t\t\t\t\t\t\t\t\t\t<span class=\"text-white text-sm leading-[1.25rem] mb-4 uppercase bg-white\/20 rounded-[0.125rem] py-1 px-2 inline-block\">Restaurants<\/span>\n\t\t\t\t\t \n\t\t\t\t\t\t\t\t\t\t\t<h1 class=\"text-white text-[3rem] leading-[3.75rem] lg:text-[4rem] lg:leading-[5rem] font-bold mb-4 lg:max-w-full\">Club House<\/h1>\n\t\t\t\t\t\t\t\t\t\t\t\t\t\t\t\t\t\t\t\t\t<div class=\"flex gap-4 items-center 1\">\n\t\t\t\t\t\t\t\t\t\t\t\t\t\t\t<div class=\"h-[0.0625rem] w-[1.875rem] bg-[#E5E5E5] shrink-0\"><\/div>\n\t\t\t\t\t\t\t\t\t\t\t\t\t\t<p class=\"text-[#E5E5E5] text-lg text-8 lg:text-lg lg:leading-8 max-w-[26.25rem]\">Una experi\u00e8ncia gastron\u00f2mica amb opcions saludables i energ\u00e8tiques per a aquells comensals que vulguin degustar els plats en un entorn d&#8217;oci i diversi\u00f3  <\/p>\n\t\t\t\t\t\t<\/div>\n\t\t\t\t\t\t\t\t\t\t<div class=\"flex flex-col lg:flex-row gap-4 mt-6 1\">\n\t\t\t\t\t\t\t\t\t\t\t\t\t\t\t\t\t\t\t\t\t<a href=\"https:\/\/www.rafanadalacademy.com\/wp-content\/uploads\/2025\/11\/Carta-CLUB-HOUSE-25_v4.pdf\" class=\"text-[1.3125rem] lg:text-lg leading-8 bg-primary text-tertiary inline-flex justify-center items-center gap-2 px-4 py-[0.375rem] transition-all duration-300 rounded font-bold hover:bg-[#5CF8DA]\" target=\"_blank\">\n\t\t\t\t\t\t\t\t\tIr a la carta\t\t\t\t\t\t\t\t\t<svg xmlns=\"http:\/\/www.w3.org\/2000\/svg\" width=\"24\" height=\"25\" viewBox=\"0 0 24 25\" fill=\"none\">\n\t\t\t\t\t\t\t\t\t\t<path fill-rule=\"evenodd\" clip-rule=\"evenodd\" d=\"M2.00781 12.6289C2.00781 18.1489 6.47781 22.6289 12.0078 22.6289C17.5278 22.6289 22.0078 18.1489 22.0078 12.6289C22.0078 7.09891 17.5278 2.62891 12.0078 2.62891C6.47781 2.62891 2.00781 7.09891 2.00781 12.6289ZM4.00781 12.6289C4.00781 8.20891 7.58781 4.62891 12.0078 4.62891C16.4178 4.62891 20.0078 8.20891 20.0078 12.6289C20.0078 17.0389 16.4178 20.6289 12.0078 20.6289C7.58781 20.6289 4.00781 17.0389 4.00781 12.6289ZM16.9984 12.6209L16.9986 12.6207C16.9986 12.8907 16.8886 13.1507 16.7086 13.3307C16.696 13.3436 16.6832 13.3561 16.67 13.3682L12.7084 17.3299C12.3084 17.7299 11.6784 17.7299 11.2884 17.3309C10.8884 16.9409 10.8884 16.3109 11.2874 15.9109L13.578 13.6202L7.99805 13.6202C7.43805 13.6202 6.99805 13.1802 6.99805 12.6202C6.99805 12.0702 7.43805 11.6202 7.99805 11.6202L13.5582 11.6202L11.2786 9.34067C10.8786 8.95067 10.8786 8.32067 11.2776 7.92067C11.6676 7.53067 12.2976 7.53067 12.6976 7.92067L16.6 11.823C16.8414 12.006 16.998 12.2957 16.998 12.6202L16.9984 12.6199C16.9984 12.6202 16.9984 12.6205 16.9984 12.6209Z\" fill=\"#001F63\"\/>\n\t\t\t\t\t\t\t\t\t<\/svg>\n\t\t\t\t\t\t\t\t<\/a>\n\t\t\t\t\t\t\t\t\t\t\t\t\t\t\t\t\t\t\t\t\t\t\t\t<\/div>\n\t\t\t\t<\/div>\n\t\t\t<\/div>\n\t\t<\/div>\n\t\t\t\t\t\t\t<\/div>\n\t\t\t<\/section>\n\n\n<section class=\"py-10 lg:py-[5.5rem] \" >\n\t<div class=\"max-w-[73.25rem] px-4 mx-auto\">\n\t\t<div class=\"flex gap-10 flex-col lg:flex-row lg:gap-[6.8125rem]\">\n\t\t\t<div class=\"lg:max-w-[22.5rem] shrink-0\">\n\t\t\t\t\t\t\t\t\t\t\t\t\t<h2 class=\"text-tertiary text-[2.3125rem] leading-[3.25rem] text-center lg:text-left text-[2.3125rem] leading-[3.25rem] lg:text-5xl lg:leading-[3.75rem] mb-0 lg:mb-4 font-medium\">Ubicat al costat de les pistes<\/h2>\n\t\t\t\t\t\t\t\t\t\t\t\t\t<p class=\"hidden lg:block text-tertiary text-lg leading-8 mb-4 lg:mb-12\">Gr\u00e0cies a la seva moderna decoraci\u00f3 i al seu empla\u00e7ament estrat\u00e8gic, el Club House s&#8217;ha convertit en un punt de reuni\u00f3 de jugadors que practiquen el seu esport preferit a l&#8217;Acad\u00e8mia, aix\u00ed com de tots aquells comensals que vulguin venir a degustar els seus plats en un entorn d&#8217;oci i diversi\u00f3.<\/p>\n\t\t\t\t\t\t\t\t\t\t\t<\/div>\n\t\t\t<div class=\"max-w-[51.25rem] w-screen mr-[calc(50%-50vw)] ml-[calc(50%-50vw)] lg:mr-0 lg:ml-0 lg:w-full 1\">\n\t\t\t\t\t\t\t\t<div class=\"swiper about-slider\">\n\t\t\t\t\t<div class=\"swiper-wrapper\">\n\t\t\t\t\t\t\t\t\t\t\t\t\t<div class=\"swiper-slide\">\n\t\t\t\t\t\t\t\t<img decoding=\"async\" loading=\"lazy\" class=\"h-[16.875rem] lg:h-[31rem] object-cover rounded-[0.625rem]\" src=\"https:\/\/www.rafanadalacademy.com\/wp-content\/uploads\/2024\/03\/1-scaled.jpg\" alt=\"\">\n\t\t\t\t\t\t\t<\/div>\n\t\t\t\t\t\t\t\t\t\t\t\t\t<div class=\"swiper-slide\">\n\t\t\t\t\t\t\t\t<img decoding=\"async\" loading=\"lazy\" class=\"h-[16.875rem] lg:h-[31rem] object-cover rounded-[0.625rem]\" src=\"https:\/\/www.rafanadalacademy.com\/wp-content\/uploads\/2024\/02\/ISM03315-Mejorado-NR-scaled.jpg\" alt=\"\">\n\t\t\t\t\t\t\t<\/div>\n\t\t\t\t\t\t\t\t\t\t\t\t\t<div class=\"swiper-slide\">\n\t\t\t\t\t\t\t\t<img decoding=\"async\" loading=\"lazy\" class=\"h-[16.875rem] lg:h-[31rem] object-cover rounded-[0.625rem]\" src=\"https:\/\/www.rafanadalacademy.com\/wp-content\/uploads\/2024\/04\/ISM00016-scaled.jpg\" alt=\"\">\n\t\t\t\t\t\t\t<\/div>\n\t\t\t\t\t\t\t\t\t\t\t\t\t<div class=\"swiper-slide\">\n\t\t\t\t\t\t\t\t<img decoding=\"async\" loading=\"lazy\" class=\"h-[16.875rem] lg:h-[31rem] object-cover rounded-[0.625rem]\" src=\"https:\/\/www.rafanadalacademy.com\/wp-content\/uploads\/2024\/04\/DSC05700-scaled.jpg\" alt=\"\">\n\t\t\t\t\t\t\t<\/div>\n\t\t\t\t\t\t\t\t\t\t\t\t\t<div class=\"swiper-slide\">\n\t\t\t\t\t\t\t\t<img decoding=\"async\" loading=\"lazy\" class=\"h-[16.875rem] lg:h-[31rem] object-cover rounded-[0.625rem]\" src=\"https:\/\/www.rafanadalacademy.com\/wp-content\/uploads\/2024\/04\/DSC05704-scaled.jpg\" alt=\"\">\n\t\t\t\t\t\t\t<\/div>\n\t\t\t\t\t\t\t\t\t\t\t\t\t<div class=\"swiper-slide\">\n\t\t\t\t\t\t\t\t<img decoding=\"async\" loading=\"lazy\" class=\"h-[16.875rem] lg:h-[31rem] object-cover rounded-[0.625rem]\" src=\"https:\/\/www.rafanadalacademy.com\/wp-content\/uploads\/2024\/04\/DSC05710-scaled.jpg\" alt=\"\">\n\t\t\t\t\t\t\t<\/div>\n\t\t\t\t\t\t\t\t\t\t\t\t\t<div class=\"swiper-slide\">\n\t\t\t\t\t\t\t\t<img decoding=\"async\" loading=\"lazy\" class=\"h-[16.875rem] lg:h-[31rem] object-cover rounded-[0.625rem]\" src=\"https:\/\/www.rafanadalacademy.com\/wp-content\/uploads\/2024\/04\/DSC05713-scaled.jpg\" alt=\"\">\n\t\t\t\t\t\t\t<\/div>\n\t\t\t\t\t\t\t\t\t\t\t<\/div>\n\t\t\t\t\t<div class=\"absolute top-1\/2 left-4 -translate-y-1\/2 lg:left-4 about-slider-prev bg-primary p-2 rounded-full z-10\">\n\t\t\t\t\t\t<svg xmlns=\"http:\/\/www.w3.org\/2000\/svg\" width=\"41\" height=\"41\" viewBox=\"0 0 41 41\" fill=\"none\">\n\t\t\t\t\t\t\t<path fill-rule=\"evenodd\" clip-rule=\"evenodd\" d=\"M23.4241 8.86889C23.8135 8.86813 24.1909 9.00375 24.4908 9.25222L24.4908 9.25222C25.1994 9.8397 25.2976 10.8904 24.7101 11.599C24.7092 11.6001 24.7083 11.6012 24.7074 11.6022L17.2408 20.5356L24.4408 29.4856L24.4408 29.4856C25.021 30.2001 24.9122 31.2497 24.1976 31.83C24.1954 31.8319 24.1931 31.8337 24.1908 31.8356L24.1908 31.8356C23.4997 32.4436 22.4466 32.3763 21.8386 31.6852C21.8102 31.6531 21.7832 31.6198 21.7574 31.5856L13.7074 21.5856C13.2019 20.9706 13.2019 20.0839 13.7074 19.4689L22.0408 9.46889L22.0408 9.46889C22.3799 9.05982 22.8937 8.83695 23.4241 8.86889L23.4241 8.86889Z\" fill=\"white\"\/>\n\t\t\t\t\t\t<\/svg>\n\t\t\t\t\t<\/div>\n\t\t\t\t\t<div class=\"absolute top-1\/2 right-4 -translate-y-1\/2 lg:right-[2.5625rem] about-slider-next bg-primary p-2 rounded-full z-10\">\n\t\t\t\t\t\t<svg xmlns=\"http:\/\/www.w3.org\/2000\/svg\" width=\"40\" height=\"41\" viewBox=\"0 0 40 41\" fill=\"none\">\n\t\t\t\t\t\t\t<path fill-rule=\"evenodd\" clip-rule=\"evenodd\" d=\"M16.6696 32.1819C16.2802 32.1827 15.9028 32.047 15.603 31.7986H15.603C14.8944 31.2111 14.7962 30.1604 15.3836 29.4518C15.3845 29.4507 15.3854 29.4496 15.3863 29.4486L22.853 20.5152L15.653 11.5652L15.653 11.5652C15.0727 10.8507 15.1816 9.80104 15.8961 9.22077C15.8984 9.21892 15.9007 9.21707 15.903 9.21522V9.21522C16.594 8.60718 17.6472 8.67448 18.2552 9.36554C18.2835 9.39771 18.3106 9.43096 18.3363 9.46522L26.3863 19.4652C26.8918 20.0802 26.8918 20.9669 26.3863 21.5819L18.053 31.5819H18.053C17.7139 31.991 17.2 32.2138 16.6696 32.1819L16.6696 32.1819Z\" fill=\"white\"\/>\n\t\t\t\t\t\t<\/svg>\n\t\t\t\t\t<\/div>\n\t\t\t\t<\/div>\n\t\t\t\t\t\t<\/div>\n\t\t\t\t\t\t\t<p class=\"lg:hidden text-tertiary text-lg leading-8 mb-0 lg:mb-12\">Gr\u00e0cies a la seva moderna decoraci\u00f3 i al seu empla\u00e7ament estrat\u00e8gic, el Club House s&#8217;ha convertit en un punt de reuni\u00f3 de jugadors que practiquen el seu esport preferit a l&#8217;Acad\u00e8mia, aix\u00ed com de tots aquells comensals que vulguin venir a degustar els seus plats en un entorn d&#8217;oci i diversi\u00f3.<\/p>\n\t\t\t\t\t\t\t\t<\/div>\n\n\t<\/div>\n<\/section>\n\n\n","protected":false},"excerpt":{"rendered":"","protected":false},"author":2,"featured_media":11164,"parent":11083,"menu_order":0,"comment_status":"closed","ping_status":"closed","template":"","meta":{"_acf_changed":false,"footnotes":""},"complementos":[],"abierta":[],"horario":[],"ratio":[],"class_list":["post-11160","page","type-page","status-publish","has-post-thumbnail","hentry"],"acf":[],"yoast_head":"<!-- This site is optimized with the Yoast SEO Premium plugin v26.8 (Yoast SEO v26.9) - https:\/\/yoast.com\/product\/yoast-seo-premium-wordpress\/ -->\n<title>Restaurant Club House<\/title>\n<meta name=\"description\" content=\"Vols menjar sa i ric despr\u00e9s d&#039;un entrenament a Rafa Nadal Academy pots fer-ho. Prova el Club House!\" \/>\n<meta name=\"robots\" content=\"index, follow, max-snippet:-1, max-image-preview:large, max-video-preview:-1\" \/>\n<link rel=\"canonical\" href=\"https:\/\/www.rafanadalacademy.com\/ca\/installacions\/restaurants\/club-house\/\" \/>\n<meta property=\"og:locale\" content=\"ca_ES\" \/>\n<meta property=\"og:type\" content=\"article\" \/>\n<meta property=\"og:title\" content=\"Club House\" \/>\n<meta property=\"og:description\" content=\"Vols menjar sa i ric despr\u00e9s d&#039;un entrenament a Rafa Nadal Academy pots fer-ho. Prova el Club House!\" \/>\n<meta property=\"og:url\" content=\"https:\/\/www.rafanadalacademy.com\/ca\/installacions\/restaurants\/club-house\/\" \/>\n<meta property=\"og:site_name\" content=\"Rafa Nadal Academy\" \/>\n<meta property=\"article:modified_time\" content=\"2025-11-20T15:06:44+00:00\" \/>\n<meta property=\"og:image\" content=\"https:\/\/www.rafanadalacademy.com\/wp-content\/uploads\/2024\/04\/DSC05710-scaled.jpg\" \/>\n\t<meta property=\"og:image:width\" content=\"2560\" \/>\n\t<meta property=\"og:image:height\" content=\"1707\" \/>\n\t<meta property=\"og:image:type\" content=\"image\/jpeg\" \/>\n<meta name=\"twitter:card\" content=\"summary_large_image\" \/>\n<meta name=\"twitter:label1\" content=\"Est. reading time\" \/>\n\t<meta name=\"twitter:data1\" content=\"3 minutes\" \/>\n<script type=\"application\/ld+json\" class=\"yoast-schema-graph\">{\"@context\":\"https:\/\/schema.org\",\"@graph\":[{\"@type\":\"WebPage\",\"@id\":\"https:\/\/www.rafanadalacademy.com\/ca\/installacions\/restaurants\/club-house\/\",\"url\":\"https:\/\/www.rafanadalacademy.com\/ca\/installacions\/restaurants\/club-house\/\",\"name\":\"Restaurant Club House\",\"isPartOf\":{\"@id\":\"https:\/\/www.rafanadalacademy.com\/ca\/#website\"},\"primaryImageOfPage\":{\"@id\":\"https:\/\/www.rafanadalacademy.com\/ca\/installacions\/restaurants\/club-house\/#primaryimage\"},\"image\":{\"@id\":\"https:\/\/www.rafanadalacademy.com\/ca\/installacions\/restaurants\/club-house\/#primaryimage\"},\"thumbnailUrl\":\"https:\/\/www.rafanadalacademy.com\/wp-content\/uploads\/2024\/04\/DSC05710-scaled.jpg\",\"datePublished\":\"2024-02-22T10:12:57+00:00\",\"dateModified\":\"2025-11-20T15:06:44+00:00\",\"description\":\"Vols menjar sa i ric despr\u00e9s d'un entrenament a Rafa Nadal Academy pots fer-ho. Prova el Club House!\",\"breadcrumb\":{\"@id\":\"https:\/\/www.rafanadalacademy.com\/ca\/installacions\/restaurants\/club-house\/#breadcrumb\"},\"inLanguage\":\"ca\",\"potentialAction\":[{\"@type\":\"ReadAction\",\"target\":[\"https:\/\/www.rafanadalacademy.com\/ca\/installacions\/restaurants\/club-house\/\"]}]},{\"@type\":\"ImageObject\",\"inLanguage\":\"ca\",\"@id\":\"https:\/\/www.rafanadalacademy.com\/ca\/installacions\/restaurants\/club-house\/#primaryimage\",\"url\":\"https:\/\/www.rafanadalacademy.com\/wp-content\/uploads\/2024\/04\/DSC05710-scaled.jpg\",\"contentUrl\":\"https:\/\/www.rafanadalacademy.com\/wp-content\/uploads\/2024\/04\/DSC05710-scaled.jpg\",\"width\":2560,\"height\":1707},{\"@type\":\"BreadcrumbList\",\"@id\":\"https:\/\/www.rafanadalacademy.com\/ca\/installacions\/restaurants\/club-house\/#breadcrumb\",\"itemListElement\":[{\"@type\":\"ListItem\",\"position\":1,\"name\":\"Home\",\"item\":\"https:\/\/www.rafanadalacademy.com\/ca\/\"},{\"@type\":\"ListItem\",\"position\":2,\"name\":\"Instal\u00b7lacions\",\"item\":\"https:\/\/www.rafanadalacademy.com\/ca\/installacions\/\"},{\"@type\":\"ListItem\",\"position\":3,\"name\":\"Restaurants\",\"item\":\"https:\/\/www.rafanadalacademy.com\/ca\/instalaciones\/restaurantes\/\"},{\"@type\":\"ListItem\",\"position\":4,\"name\":\"Club House\"}]},{\"@type\":\"WebSite\",\"@id\":\"https:\/\/www.rafanadalacademy.com\/ca\/#website\",\"url\":\"https:\/\/www.rafanadalacademy.com\/ca\/\",\"name\":\"Rafa Nadal Academy\",\"description\":\"Otro sitio realizado con WordPress\",\"potentialAction\":[{\"@type\":\"SearchAction\",\"target\":{\"@type\":\"EntryPoint\",\"urlTemplate\":\"https:\/\/www.rafanadalacademy.com\/ca\/?s={search_term_string}\"},\"query-input\":{\"@type\":\"PropertyValueSpecification\",\"valueRequired\":true,\"valueName\":\"search_term_string\"}}],\"inLanguage\":\"ca\"},{\"@type\":\"ImageObject\",\"inLanguage\":\"ca\",\"@id\":\"https:\/\/www.rafanadalacademy.com\/ca\/installacions\/restaurants\/club-house\/#local-main-organization-logo\",\"url\":\"\",\"contentUrl\":\"\",\"caption\":\"Rafa Nadal Academy\"}]}<\/script>\n<!-- \/ Yoast SEO Premium plugin. -->","yoast_head_json":{"title":"Restaurant Club House","description":"Vols menjar sa i ric despr\u00e9s d'un entrenament a Rafa Nadal Academy pots fer-ho. Prova el Club House!","robots":{"index":"index","follow":"follow","max-snippet":"max-snippet:-1","max-image-preview":"max-image-preview:large","max-video-preview":"max-video-preview:-1"},"canonical":"https:\/\/www.rafanadalacademy.com\/ca\/installacions\/restaurants\/club-house\/","og_locale":"ca_ES","og_type":"article","og_title":"Club House","og_description":"Vols menjar sa i ric despr\u00e9s d'un entrenament a Rafa Nadal Academy pots fer-ho. Prova el Club House!","og_url":"https:\/\/www.rafanadalacademy.com\/ca\/installacions\/restaurants\/club-house\/","og_site_name":"Rafa Nadal Academy","article_modified_time":"2025-11-20T15:06:44+00:00","og_image":[{"width":2560,"height":1707,"url":"https:\/\/www.rafanadalacademy.com\/wp-content\/uploads\/2024\/04\/DSC05710-scaled.jpg","type":"image\/jpeg"}],"twitter_card":"summary_large_image","twitter_misc":{"Est. reading time":"3 minutes"},"schema":{"@context":"https:\/\/schema.org","@graph":[{"@type":"WebPage","@id":"https:\/\/www.rafanadalacademy.com\/ca\/installacions\/restaurants\/club-house\/","url":"https:\/\/www.rafanadalacademy.com\/ca\/installacions\/restaurants\/club-house\/","name":"Restaurant Club House","isPartOf":{"@id":"https:\/\/www.rafanadalacademy.com\/ca\/#website"},"primaryImageOfPage":{"@id":"https:\/\/www.rafanadalacademy.com\/ca\/installacions\/restaurants\/club-house\/#primaryimage"},"image":{"@id":"https:\/\/www.rafanadalacademy.com\/ca\/installacions\/restaurants\/club-house\/#primaryimage"},"thumbnailUrl":"https:\/\/www.rafanadalacademy.com\/wp-content\/uploads\/2024\/04\/DSC05710-scaled.jpg","datePublished":"2024-02-22T10:12:57+00:00","dateModified":"2025-11-20T15:06:44+00:00","description":"Vols menjar sa i ric despr\u00e9s d'un entrenament a Rafa Nadal Academy pots fer-ho. Prova el Club House!","breadcrumb":{"@id":"https:\/\/www.rafanadalacademy.com\/ca\/installacions\/restaurants\/club-house\/#breadcrumb"},"inLanguage":"ca","potentialAction":[{"@type":"ReadAction","target":["https:\/\/www.rafanadalacademy.com\/ca\/installacions\/restaurants\/club-house\/"]}]},{"@type":"ImageObject","inLanguage":"ca","@id":"https:\/\/www.rafanadalacademy.com\/ca\/installacions\/restaurants\/club-house\/#primaryimage","url":"https:\/\/www.rafanadalacademy.com\/wp-content\/uploads\/2024\/04\/DSC05710-scaled.jpg","contentUrl":"https:\/\/www.rafanadalacademy.com\/wp-content\/uploads\/2024\/04\/DSC05710-scaled.jpg","width":2560,"height":1707},{"@type":"BreadcrumbList","@id":"https:\/\/www.rafanadalacademy.com\/ca\/installacions\/restaurants\/club-house\/#breadcrumb","itemListElement":[{"@type":"ListItem","position":1,"name":"Home","item":"https:\/\/www.rafanadalacademy.com\/ca\/"},{"@type":"ListItem","position":2,"name":"Instal\u00b7lacions","item":"https:\/\/www.rafanadalacademy.com\/ca\/installacions\/"},{"@type":"ListItem","position":3,"name":"Restaurants","item":"https:\/\/www.rafanadalacademy.com\/ca\/instalaciones\/restaurantes\/"},{"@type":"ListItem","position":4,"name":"Club House"}]},{"@type":"WebSite","@id":"https:\/\/www.rafanadalacademy.com\/ca\/#website","url":"https:\/\/www.rafanadalacademy.com\/ca\/","name":"Rafa Nadal Academy","description":"Otro sitio realizado con WordPress","potentialAction":[{"@type":"SearchAction","target":{"@type":"EntryPoint","urlTemplate":"https:\/\/www.rafanadalacademy.com\/ca\/?s={search_term_string}"},"query-input":{"@type":"PropertyValueSpecification","valueRequired":true,"valueName":"search_term_string"}}],"inLanguage":"ca"},{"@type":"ImageObject","inLanguage":"ca","@id":"https:\/\/www.rafanadalacademy.com\/ca\/installacions\/restaurants\/club-house\/#local-main-organization-logo","url":"","contentUrl":"","caption":"Rafa Nadal Academy"}]}},"_links":{"self":[{"href":"https:\/\/www.rafanadalacademy.com\/ca\/wp-json\/wp\/v2\/pages\/11160","targetHints":{"allow":["GET"]}}],"collection":[{"href":"https:\/\/www.rafanadalacademy.com\/ca\/wp-json\/wp\/v2\/pages"}],"about":[{"href":"https:\/\/www.rafanadalacademy.com\/ca\/wp-json\/wp\/v2\/types\/page"}],"author":[{"embeddable":true,"href":"https:\/\/www.rafanadalacademy.com\/ca\/wp-json\/wp\/v2\/users\/2"}],"replies":[{"embeddable":true,"href":"https:\/\/www.rafanadalacademy.com\/ca\/wp-json\/wp\/v2\/comments?post=11160"}],"version-history":[{"count":3,"href":"https:\/\/www.rafanadalacademy.com\/ca\/wp-json\/wp\/v2\/pages\/11160\/revisions"}],"predecessor-version":[{"id":36940,"href":"https:\/\/www.rafanadalacademy.com\/ca\/wp-json\/wp\/v2\/pages\/11160\/revisions\/36940"}],"up":[{"embeddable":true,"href":"https:\/\/www.rafanadalacademy.com\/ca\/wp-json\/wp\/v2\/pages\/11083"}],"wp:featuredmedia":[{"embeddable":true,"href":"https:\/\/www.rafanadalacademy.com\/ca\/wp-json\/wp\/v2\/media\/11164"}],"wp:attachment":[{"href":"https:\/\/www.rafanadalacademy.com\/ca\/wp-json\/wp\/v2\/media?parent=11160"}],"wp:term":[{"taxonomy":"complementos","embeddable":true,"href":"https:\/\/www.rafanadalacademy.com\/ca\/wp-json\/wp\/v2\/complementos?post=11160"},{"taxonomy":"abierta","embeddable":true,"href":"https:\/\/www.rafanadalacademy.com\/ca\/wp-json\/wp\/v2\/abierta?post=11160"},{"taxonomy":"horario","embeddable":true,"href":"https:\/\/www.rafanadalacademy.com\/ca\/wp-json\/wp\/v2\/horario?post=11160"},{"taxonomy":"ratio","embeddable":true,"href":"https:\/\/www.rafanadalacademy.com\/ca\/wp-json\/wp\/v2\/ratio?post=11160"}],"curies":[{"name":"wp","href":"https:\/\/api.w.org\/{rel}","templated":true}]}}